{"id":666,"date":"2022-01-17T16:18:38","date_gmt":"2022-01-17T15:18:38","guid":{"rendered":"https:\/\/fcdarchive.fr\/?page_id=666"},"modified":"2022-01-17T16:37:57","modified_gmt":"2022-01-17T15:37:57","slug":"realpolitik-et-politique-etrangere","status":"publish","type":"page","link":"https:\/\/fcdarchive.fr\/?page_id=666","title":{"rendered":"R\u00e9alpolitik et politique \u00e9trang\u00e8re"},"content":{"rendered":"\n<p class=\"has-normal-font-size\"><strong>R\u00e9alpolitik, politique \u00e9trang\u00e8re am\u00e9ricaine<\/strong><\/p>\n\n\n\n<p class=\"has-small-font-size\">_ ALLNER Michel et PORTIS Larry,&nbsp;<em> La politique \u00e9trang\u00e8re des \u00c9tats-Unis depuis 1945. De la guerre \u00e0 la mondialisation<\/em>, Ellipses, Paris, 2000<\/p>\n\n\n\n<p class=\"has-small-font-size\">_ ATLLEE PHILLIPS David, <em>The night watch : Twenty five years of Peculiar Service<\/em>, Atheneum, New York, 1977<\/p>\n\n\n\n<p class=\"has-small-font-size\">_ BLECHMAN Barry et KAPLAN Stephen, <em>Force without war : U.S armed forces as a political instrument<\/em>, the Brookings Institution, Washington, 1978<\/p>\n\n\n\n<p class=\"has-small-font-size\">_ CHOMSKY Noam, <em>Les dessous de la politique de l\u2019Oncle Sam<\/em>, \u00c9ditions \u00c9cosoci\u00e9t\u00e9, \u00c9ditions EPO, \u00e9ditions Le Temps des Cerises, Montr\u00e9al, 1996<\/p>\n\n\n\n<p class=\"has-small-font-size\">_ CHOMSKY Noam et HERMAN Edward, <em>The Washington connection and third world fascism<\/em>, Haymarket Books, Boston, 1979<\/p>\n\n\n\n<p class=\"has-small-font-size\">_ HERSH Seymour, <em>The price of power : Kissinger in the Nixon White House<\/em>, Summit books, London, 1983<\/p>\n\n\n\n<p class=\"has-small-font-size\">_ KENNEDY Paul, <em>The middle Beat<\/em>, Teachers College Press, Columbia University, New York, 1965<\/p>\n\n\n\n<p class=\"has-small-font-size\">_ KLARE Michael, <em>War without end<\/em>, Random House, New York, 1972<\/p>\n\n\n\n<p class=\"has-small-font-size\">_ LANGGUTH Arthur J., <em>Hidden terrors<\/em>, Pantheon Books, New York, 1978<\/p>\n\n\n\n<p class=\"has-small-font-size\">_ LERNOUX Penny, <em>In banks we trust<\/em>, Doubleday, New York, 1984<\/p>\n\n\n\n<p class=\"has-small-font-size\">_ MARSHALL Jonathan, SCOTT Peter Dale, HUNTER Jame, <em>The Iran-contras connection : Secret teams and covert operations in the reagan era<\/em>, South end Press, Boston, 1987<\/p>\n\n\n\n<p class=\"has-small-font-size\">_ MELVILLE Thomas et Marjorie, <em>Guatemala, The politics of land ownership<\/em>, The Free Press, New York, 1971<\/p>\n\n\n\n<p class=\"has-small-font-size\">_ ROCKEFLLER BROTHER FUND, <em>Prospect for America, The Rockefeller panel report<\/em>, Doubleday &amp; Cie, Deep Cover Books, New York, 1961<\/p>\n\n\n\n<p class=\"has-small-font-size\">_ SCHLESINGER Jr. Arthur Meier, <em>A thousand days<\/em>, Houghton Mifflin, Boston, 1965<\/p>\n\n\n\n<p class=\"has-small-font-size\">_ URQUHART Brian, <em>Hammarskjold<\/em>, Knopf, New York, 1972<\/p>\n\n\n\n<p class=\"has-small-font-size\">_ WISE David et ROSS Thomas, <em>Le gouvernement secret des Etats-Unis, <\/em>traduction de Rolland Garrane, Cercle du Nouveau Livre d\u2019Histoire, Rennes, 1965<\/p>\n\n\n\n<p class=\"has-small-font-size\">_ WISE David, <em>The politics of lying, Government deception, secrecy, and power<\/em>, Random House \/ Vintage Books, New York, 1973<\/p>\n\n\n\n<p class=\"has-small-font-size\">_ WIESEN COOK, Blanche, <em>The declassified Eisenhower<\/em>, Doubleday &amp; Co, New York, 1981<\/p>\n\n\n\n<p class=\"has-small-font-size\">_ <em>White Paper Whitewash. Intervi<\/em>ews <em>with Philip Agee on the CIA and El Salvador<\/em>, Edited by Warner Poelchau, New York, 1981<\/p>\n\n\n\n<p class=\"has-normal-font-size\"><strong>Th\u00e9ories politiques<\/strong><\/p>\n\n\n\n<p class=\"has-small-font-size\">_ CHOMSKY, Noam, <em>Id\u00e9ologie et pouvoir<\/em>,&nbsp;<\/p>\n\n\n\n<p class=\"has-small-font-size\">_ _______________, <em>Turning the Tide<\/em>,&nbsp;<\/p>\n\n\n\n<p class=\"has-small-font-size\">_ _______________, <em>Deterring Democracy<\/em>,<\/p>\n\n\n\n<p class=\"has-small-font-size\">_ _______________, <em>Illusions n\u00e9cessaires<\/em>,<\/p>\n\n\n\n<p class=\"has-small-font-size\">_ HARDT Michael et NEGRI Antonio, <em>Empire<\/em>, Exils, Paris, 2000<\/p>\n\n\n\n<p class=\"has-small-font-size\">_ SCHLESINGER Jr. Arthur Meier, <em>The Vital Center, the politics of Freedom<\/em>, Sentry Edition, Boston, 1962<\/p>\n\n\n\n<p class=\"has-normal-font-size\"><strong>Politiques des \u00c9tats-Unis (les Pr\u00e9sidents)<\/strong><\/p>\n\n\n\n<p class=\"has-small-font-size\">_ JOHNSON Lyndon B., <em>Le temps de l\u2019action<\/em>, Introduction de Adlai E. Stevenson, Payot, collection \u00c9tudes et documents, Paris, 1964<\/p>\n\n\n\n<p class=\"has-normal-font-size\"><strong>CIA&#8230;<\/strong><\/p>\n\n\n\n<p class=\"has-small-font-size\">_ AGEE Philip, <em>Inside the Compagny, CIA diary<\/em>, Viking, New York, 1975<\/p>\n\n\n\n<p class=\"has-small-font-size\">_ COSCULLELA Manuel Hevia, <em>Passaporte 11333 : Ocho Anos con la CIA<\/em>,TAE, Montevideo, 1989<\/p>\n\n\n\n<p class=\"has-small-font-size\">_ FRAZIER Howard, ed., <em>Uncloacking the CIA,<\/em> The Free Press \/ Macmillan, New York, 1978<\/p>\n\n\n\n<p class=\"has-small-font-size\">_ FLETCHER PROUTY Leroy, <em>The secret team : The CIA and its allies in control of the world<\/em>, Englewood Cliffs, New York 1974<\/p>\n\n\n\n<p class=\"has-small-font-size\">_ _______________, <em>Conference on the Central Intelligence Agency and the World Peace held at Yale University on April, 5 1975<\/em><\/p>\n\n\n\n<p class=\"has-small-font-size\">_ KWITNY Jonathan, <em>The crimes of patriots : A true tale of dope, dirty money<\/em>, <em>and the CIA<\/em>, W. W. Norton &amp; Company, New York, 1987<\/p>\n\n\n\n<p class=\"has-small-font-size\">_ MARCHETTI Victor Marchetti et MARKS John, <em>La CIA et le culte du renseignement<\/em>, traduction de Guy Durand, Robert Laffont, Paris, 1975<\/p>\n\n\n\n<p class=\"has-small-font-size\">_ POWER Thomas, <em>The man who kept the secrets : Richard Helms and the CIA<\/em>, Pocket Books, New York, 1979<\/p>\n\n\n\n<p class=\"has-small-font-size\">_ QUIRK John Patrick, <em>The Central Intelligence Agency, A photographic History<\/em>, Foreign Intelligence Press, Boston, 1986<\/p>\n\n\n\n<p class=\"has-small-font-size\">_ WOODWARD Bob, <em>CIA guerres secr\u00e8tes 1981-1987, <\/em>Stock, Paris, 1987<\/p>\n\n\n\n<p class=\"has-normal-font-size\"><strong>Am\u00e9rique Latine et politique \u00e9trang\u00e8re am\u00e9ricaine<\/strong><\/p>\n\n\n\n<p class=\"has-small-font-size\">_ ABRAMOVICI Pierre, \u00ab\u00a0Op\u00e9ration Condor, cauchemar de l&rsquo;Am\u00e9rique latine\u00a0\u00bb, <em><a href=\"http:\/\/www.monde-diplomatique.fr\/2001\/05\/ABRAMOVICI\/15179\" target=\"_blank\" rel=\"noreferrer noopener\">Le Monde Diplomatique<\/a><\/em>, mai 2001<\/p>\n\n\n\n<p class=\"has-small-font-size\">_ BLACK George, <em>The good neighbor : How the United States wrote the history of Central America and the Caribbean, <\/em>Pantheon Books, New York, 1988<\/p>\n\n\n\n<p class=\"has-small-font-size\">_ BLUM William, <em>Les guerres sc\u00e9l\u00e9rates, Les interventions de l&rsquo;arm\u00e9e am\u00e9ricaine et de la CIA depuis 1945<\/em>, Parangon, Paris, 2004<\/p>\n\n\n\n<p class=\"has-small-font-size\">_ DOYLE Kate, <a href=\"http:\/\/www.gwu.edu\/~nsarchiv\/latin_america\/guatemala.html\" target=\"_blank\" rel=\"noreferrer noopener\">Guatemala Documentation Project<\/a><\/p>\n\n\n\n<p class=\"has-small-font-size\">_ GERASSI John, <em>The great fear&nbsp; : The reconquest of Latin America by latin americans<\/em>, McMillan &amp; Cie New York, 1965<\/p>\n\n\n\n<p class=\"has-small-font-size\">_ GOTT Richard, <em>Rural guerillas in Latin America<\/em>, Grande-Bretagne, 1973<\/p>\n\n\n\n<p class=\"has-small-font-size\">_ HIRSCH Fred, <em>An analysis of Our AFL-CIO Role in Latin America<\/em>, San Jose, 1974<\/p>\n\n\n\n<p class=\"has-small-font-size\">_ HABEL Janette, <em>Nouvelle architecture militaire dans les Am\u00e9riques<\/em>, Le Monde Diplomatique, f\u00e9vrier 2002<\/p>\n\n\n\n<p class=\"has-small-font-size\">_ KOHL James et LITT John, <em>Urban guerrila warfare in Latin America<\/em>, the MIT Press, Cambridge, Massachussetts, 1974<\/p>\n\n\n\n<p class=\"has-small-font-size\">_ LAFEBER Walter, <em>Innevitable revolution : The United States in Central America<\/em>, W. W. Norton &amp; Company, New York, 1993<\/p>\n\n\n\n<p class=\"has-small-font-size\">_ LERNOUX Penny, <em>Cry of the People : the struggle for human rights in Latin America \u2013 the catholic church in conflict with U.S policy<\/em>, Penguin Books, London, 1982<\/p>\n\n\n\n<p class=\"has-small-font-size\">_ PEARCE Jenny, <em>Under the Eagle&nbsp;: U.S itervention in Central America and the Caribbean<\/em>, Latin America Bureau, London, 1982<\/p>\n\n\n\n<p class=\"has-small-font-size\">_ RAMONET Ignacio, \u00ab\u00a0Bolivie\u00a0\u00bb, <em><a rel=\"noreferrer noopener\" href=\"http:\/\/www.monde-diplomatique.fr\/2003\/11\/RAMONET\/10427\" target=\"_blank\">Le Monde Diplomatique<\/a>,<\/em> octobre 2003<\/p>\n\n\n\n<p class=\"has-small-font-size\">_ WESCHLER Lawrence, <em>A miracle, A universe : Settling accounts with torturers<\/em>, Penguin books, New York, 1991<\/p>\n\n\n\n<p class=\"has-small-font-size\"><\/p>\n\n\n\n<p class=\"has-normal-font-size\"><strong>Bolivie<\/strong><\/p>\n\n\n\n<p class=\"has-small-font-size\">_ DUNKERLAY James, <em>Rebellion in the Veins : Political struggle in Bolivia 1952-1982<\/em>, Verso, London, 1984<\/p>\n\n\n\n<p class=\"has-small-font-size\">_ _________________, <em>Bolivia and coup d\u2019etat<\/em>, Latin America bureau, London, 1980<\/p>\n\n\n\n<p class=\"has-small-font-size\">_ MALLOY James M. et THORN Richard, eds., <em>Beyond the revolution : Bolivia since 1952<\/em>, University of Pittsburgh Press, 1971<\/p>\n\n\n\n<p class=\"has-small-font-size\">_ MITCHELL Christopher, <em>The legacy of populism in Bolivia : The overthrow of Paz Estenssoro and the MNR<\/em>, Washington, 1967<\/p>\n\n\n\n<p class=\"has-small-font-size\">_ WHITEHEAD Lawrence, <em>The United States and Bolivia : A case of neo-colonialism<\/em>, Haslemere Group, London, 1969<\/p>\n\n\n\n<p class=\"has-normal-font-size\"><strong>Br\u00e9sil<\/strong><\/p>\n\n\n\n<p class=\"has-small-font-size\">_ BLACK Jan Knippers, <em>United States penetration of Brazil,<\/em> University of Pennsylvania Press, Philadelphia, 1977<\/p>\n\n\n\n<p class=\"has-small-font-size\">_ PARKER Phyllis R., <em>Brazil and the quiet intervention<\/em>, University of Texas Press, Austin, 1964<\/p>\n\n\n\n<p class=\"has-small-font-size\">_ ROETT Rordan, ed., <em>Brazil in the sixties<\/em>, Vanderbilt University Press, Nashville, 1972<\/p>\n\n\n\n<p class=\"has-small-font-size\">_ STEPAN Alfred, <em>The military in politics : Changing patterns in Brazil<\/em>, Princeton University Press, New Jersey, 1971<\/p>\n\n\n\n<p class=\"has-normal-font-size\"><strong>Chili<\/strong><\/p>\n\n\n\n<p class=\"has-small-font-size\">_ DINGES John et LANDAU Saul, <em>Assassination on Embassy Row<\/em>, Pantheon Books, London, 1981<\/p>\n\n\n\n<p class=\"has-small-font-size\">_ DINGES John, <em>Les ann\u00e9es Condor, Comment Pinochet et ses alli\u00e9s ont propag\u00e9 le terrorisme sur trois continents<\/em>, \u00c9dition La d\u00e9couverte, Paris, 2005<\/p>\n\n\n\n<p class=\"has-small-font-size\">_ PETRAS James et MORLEY Morris H., <em>How Allende Fell: Study in United States-Chilean Relations<\/em>, Spokesman Books, London, 1974<\/p>\n\n\n\n<p class=\"has-small-font-size\">_ SIGMUND Paul E., T<em>he Overthrow of Allende and the politics of Chile, 1964-1976<\/em>, University of Pittsburgh Press, 1977<\/p>\n\n\n\n<p class=\"has-small-font-size\">_ WOLPIN Miles, <em>Cuban foreign policy and chilean politics<\/em>, Lexington, Massachussets, 1972<\/p>\n\n\n\n<p class=\"has-small-font-size\">_ \u00ab\u00a0Ombres chiliennes, 1973 \u2013 2003\u00a0\u00bb<em>, Lib\u00e9ration<\/em> 10 septembre 2003.<\/p>\n\n\n\n<p class=\"has-small-font-size\">_ ABRAMOICZ Manuel, <em><a href=\"http:\/\/www.resistances.be\/chili01.html\" target=\"_blank\" rel=\"noreferrer noopener\">Op\u00e9ration Condor, un terrorisme international au service de la dictature chilienne<\/a><\/em><\/p>\n\n\n\n<p class=\"has-small-font-size\">_ BRANDT Daniel, <em><a href=\"http:\/\/www.namebase.org\/chile.html\" target=\"_blank\" rel=\"noreferrer noopener\">U.S Responsibility for teh Coup in Chile<\/a><\/em><\/p>\n\n\n\n<p class=\"has-small-font-size\">_ Church Report, <em><a href=\"http:\/\/foia.state.gov\/Reports\/ChurchReport.asp\" target=\"_blank\" rel=\"noreferrer noopener\">Covert action in Chile, 1963 \u2013 1973<\/a><\/em><\/p>\n\n\n\n<p class=\"has-small-font-size\">_ FILLENBAUM Ann-Eve, <em><a href=\"http:\/\/www.resistances.be\/chili01.html\" target=\"_blank\" rel=\"noreferrer noopener\">La connexion US<\/a><\/em><\/p>\n\n\n\n<p class=\"has-small-font-size\">_ Hinchey Report, <em><a href=\"http:\/\/foia.state.gov\/Reports\/HincheyReport.asp\" target=\"_blank\" rel=\"noreferrer noopener\">CIA activities in Chile<\/a><\/em><\/p>\n\n\n\n<p class=\"has-small-font-size\">_ KORNBLUTH Peter, <em><a href=\"http:\/\/www.gwu.edu\/~nsarchiv\/NSAEBB\/NSAEBB8\/nsaebb8i.htm\" target=\"_blank\" rel=\"noreferrer noopener\">Chile Documentation Project<\/a><\/em><\/p>\n\n\n\n<p class=\"has-small-font-size\">_ <em><a href=\"http:\/\/www.namebase.org\/foia\/ch01.html\" target=\"_blank\" rel=\"noreferrer noopener\">Report of CIA Chilian Task Force Activities<\/a><\/em>, 15 september to 3 november 1970<\/p>\n\n\n\n<p class=\"has-small-font-size\">Voir aussi le site du <a rel=\"noreferrer noopener\" href=\"http:\/\/foia.state.gov\/SearchColls\/Search.asp\" target=\"_blank\">d\u00e9partement d\u2019\u00c9tat am\u00e9ricain<\/a> qui propose ses archives d\u00e9class\u00e9es ainsi que celles de la CIA et du NSC sur le Chili.<\/p>\n\n\n\n<p><\/p>\n\n\n\n<p class=\"has-normal-font-size\"><strong>Costa Rica<\/strong><\/p>\n\n\n\n<p class=\"has-small-font-size\">_ AMERINGER Charles D., <em>Democracy in Costa Rica<\/em>, Preager, New York et Hoover Institution Press, Stanford University, California, 1982<\/p>\n\n\n\n<p class=\"has-small-font-size\">_ ____________________, <em>Dan Pepe, A political biography of Jos\u00e9 Figueres of Costa Rica<\/em>, University of New Mexico Press, 1978<\/p>\n\n\n\n<p class=\"has-small-font-size\">_ CONNELL-SMITH Gordon, <em>The inter american system<\/em>, Oxford University Press and Royal Institute of International Affairs, 1966<\/p>\n\n\n\n<p class=\"has-small-font-size\">_ ______________________, <em>The United States and Latin America : An historical analysis of inter-american relations, <\/em>Heinemann Educational Books, London, 1974<\/p>\n\n\n\n<p class=\"has-normal-font-size\"><strong>R\u00e9publique Dominicaine<\/strong><\/p>\n\n\n\n<p class=\"has-small-font-size\">_ BARNET Richard, <em>intervention and revolution<\/em>, The World Publishing Company, London, 1968<\/p>\n\n\n\n<p class=\"has-small-font-size\">_ BARTLOW MARTIN John, <em>Overtaken by events : The dominican crisis from the fall of Trujillo to the civil war<\/em>, Doubleday &amp; Cie, New York, 1966<\/p>\n\n\n\n<p class=\"has-small-font-size\">_ DIEDERICH Bernard, <em>Trujillo : The Death of the Goat<\/em>, Maplewood, New York, 1990<\/p>\n\n\n\n<p class=\"has-small-font-size\">_ KIPPER BLACK Jan, <em>The Dominican Republic : Politics and development in an unsovereign state<\/em>, Boston, 1986<\/p>\n\n\n\n<p class=\"has-normal-font-size\"><strong>Guatemala<\/strong><\/p>\n\n\n\n<p class=\"has-small-font-size\">_ AMNESTY INTERNATIONAL, <em>Guatemala,<\/em> London, 1976<\/p>\n\n\n\n<p class=\"has-small-font-size\">_ _______________________, <em>Guatemala : A government program of political murder<\/em>, London, 1981<\/p>\n\n\n\n<p class=\"has-small-font-size\">_ BLACK George, Milton Jamail and Norma Stoltz Chinchilla, <em>Garrison Guatemala, <\/em>Monthly Review Press, New York, 1984<\/p>\n\n\n\n<p class=\"has-small-font-size\">_ GALEANO Eduardo, <em>Guatemala, pays occup\u00e9<\/em>, traduction de Dominique \u00c9luard, Maspero, Paris, 1969<\/p>\n\n\n\n<p class=\"has-small-font-size\">_ IMMERMAN Richard H., <em>The CIA in Guatemala : The foreign policy of intervention<\/em>, University of Texas Press, Austin, 1982<\/p>\n\n\n\n<p class=\"has-small-font-size\">_ JONAS Susanne, <em>The battle for Guatemala : Rebels, death squads, and US power, <\/em>Boulder, Westview Press, 1991<\/p>\n\n\n\n<p class=\"has-small-font-size\">_ JONAS Susanne et TOBIS David, ed., <em>Guatemala<\/em>, Berckeley, California, 1974<\/p>\n\n\n\n<p class=\"has-small-font-size\">_ McCANN Thomas P., <em>An american Compagny, The tragedy of United Fruit<\/em>, Crown Publishers, New York, 1976<\/p>\n\n\n\n<p class=\"has-small-font-size\">_ MELVILLE Thomas et Marjorie, <em>Guatemala \u2013 Another Vietnam?,<\/em> Penguin Books Ltd, London, 1971<\/p>\n\n\n\n<p class=\"has-small-font-size\">_ SCHLESINGER Stephen et KINZER Stephen, <em>Bitter Fruit: The untold story of the american coup in Guatemala<\/em>, Doubleday &amp; Co, New York, 1982<\/p>\n\n\n\n<p class=\"has-small-font-size\">_ TORIELLO Guillermo, <em>La battala de Guatemala<\/em>, Ediciones Cuardenos Americanos, Mexico, 1955<\/p>\n\n\n\n<p><\/p>\n\n\n\n<p class=\"has-normal-font-size\"><strong>Nicaragua<\/strong><\/p>\n\n\n\n<p class=\"has-small-font-size\">_ BLACK George, <em>Triumph of the people : The sandinista revolution in Nicaragua<\/em>, Zed Books London, 1981<\/p>\n\n\n\n<p class=\"has-small-font-size\">_ REED Brody, <em>Contra Terror in Nicaragua: Report of a Fact-finding Mission: September 1984-January 1985<\/em>, South End Press, Boston, 1985<\/p>\n\n\n\n<p class=\"has-small-font-size\">_ CHRISTIAN Shirley, <em>Nicaragua : Revolution in family<\/em>, Random House, New York, 1985<\/p>\n\n\n\n<p class=\"has-small-font-size\">_ DIEDERICH Bernard Diederich, <em>Somoza and the legacy of US Involvment in Central America, <\/em>Maplewood, New York, 1989<\/p>\n\n\n\n<p class=\"has-small-font-size\">_ MELROSE Dianna, <em>Nicaragua: The threat of a good exemple<\/em>, Oxfam, 1985<\/p>\n\n\n\n<p class=\"has-small-font-size\">_ MORLEY Morris H., <em>Washington, Somoza and the Sandinistas : State and regim in US policy toward Nicaragua 1969-1981, <\/em>Cambridge University Press, Cambridge, 1994<\/p>\n\n\n\n<p class=\"has-small-font-size\">_ ROBINSON William I., <em>A faustian bargain : U.S Intervention in the nicaraguan elections and american foreign policy in the post-cold war era<\/em>, Westview Press, Colorado, 1992<\/p>\n\n\n\n<p class=\"has-small-font-size\">_ SKLAR Holly, <em>Washington\u2019s war on Nicaragua<\/em>, South End Press, Boston, 1988<\/p>\n\n\n\n<p class=\"has-small-font-size\">_ ROSSET Peter et VANDERMEER John eds., <em>The Nicaragua Rreader : documents of a revolution under fire<\/em>, New York, 1983<\/p>\n\n\n\n<p><\/p>\n\n\n\n<p class=\"has-normal-font-size\"><strong>Panama<\/strong><\/p>\n\n\n\n<p class=\"has-small-font-size\">_ BUCKLEY Kevin, <em>Panama, the whole story<\/em>, Simon &amp; Schuster, New York, 1991<\/p>\n\n\n\n<p class=\"has-small-font-size\">_ DINGES John, <em>Our Man in Panama: How General Noriega Used the United States-And Made Millions in Drugs and Arms<\/em>, Random House Inc., New York, 1991<\/p>\n\n\n\n<p><\/p>\n\n\n\n<p class=\"has-normal-font-size\"><strong>Salvador&nbsp;<\/strong><\/p>\n\n\n\n<p class=\"has-small-font-size\">_ ARMQTRONG Robert et SHENK Jenet, <em>El Salvador : the face of the revolution<\/em>, South End Press, London, 1982<\/p>\n\n\n\n<p class=\"has-small-font-size\">_ BONNER Raymond, <em>Weakness and deceit : Us policy and El Salvador<\/em>, Times Books, New York, 1984<\/p>\n\n\n\n<p class=\"has-small-font-size\">_ DUNKERLEY James, <em>The long war : Dictatorship and revolution in El Salvador<\/em>, Verso, London, 1982<\/p>\n\n\n\n<p class=\"has-small-font-size\">_ McCLINTOCK Michael, <em>The american connection : state terror and popular resistance in El Salvador<\/em>, Zed Books, London, 1985<\/p>\n\n\n\n<p class=\"has-small-font-size\">_ NORTH Liisa, <em>Bitter Grounds : Roots of revolt in El Salvador<\/em>, Lawrence Hill Books, Toronto, 1981<\/p>\n\n\n\n<p class=\"has-normal-font-size\"><strong>Uruguay<\/strong><\/p>\n\n\n\n<p class=\"has-small-font-size\">_ DEBRAY R\u00e9gis, <em>Nous les Tupamaros, suivi de apprendre d\u2019eux<\/em>, Editions Fran\u00e7ois Masp\u00e9ro, Collection cahiers libres n\u00b0 226-227, Paris, 1972<\/p>\n\n\n\n<p class=\"has-small-font-size\">_ LABROUSSE Alain, <em>Les Tupamaros : Guerrillas urbaines en Uruguay<\/em>, Le Seuil, Paris, 1970<\/p>\n\n\n\n<p class=\"has-small-font-size\">_ WILSON Carlos, <em>The Tupamaros&nbsp;: The unmentionable<\/em>, Branden Publishing Co, Boston, 1974<\/p>\n","protected":false},"excerpt":{"rendered":"<p>R\u00e9alpolitik, politique \u00e9trang\u00e8re am\u00e9ricaine _ ALLNER Michel et PORTIS Larry,&nbsp; La politique \u00e9trang\u00e8re des \u00c9tats-Unis depuis 1945. De la guerre \u00e0 la mondialisation, Ellipses, Paris, 2000 _ ATLLEE PHILLIPS David, The night watch : Twenty five years of Peculiar Service, Atheneum, New York, 1977 _ BLECHMAN Barry et KAPLAN Stephen, Force without war : U.S [&hellip;]<\/p>\n","protected":false},"author":1,"featured_media":0,"parent":41,"menu_order":2,"comment_status":"closed","ping_status":"closed","template":"","meta":[],"_links":{"self":[{"href":"https:\/\/fcdarchive.fr\/index.php?rest_route=\/wp\/v2\/pages\/666"}],"collection":[{"href":"https:\/\/fcdarchive.fr\/index.php?rest_route=\/wp\/v2\/pages"}],"about":[{"href":"https:\/\/fcdarchive.fr\/index.php?rest_route=\/wp\/v2\/types\/page"}],"author":[{"embeddable":true,"href":"https:\/\/fcdarchive.fr\/index.php?rest_route=\/wp\/v2\/users\/1"}],"replies":[{"embeddable":true,"href":"https:\/\/fcdarchive.fr\/index.php?rest_route=%2Fwp%2Fv2%2Fcomments&post=666"}],"version-history":[{"count":6,"href":"https:\/\/fcdarchive.fr\/index.php?rest_route=\/wp\/v2\/pages\/666\/revisions"}],"predecessor-version":[{"id":681,"href":"https:\/\/fcdarchive.fr\/index.php?rest_route=\/wp\/v2\/pages\/666\/revisions\/681"}],"up":[{"embeddable":true,"href":"https:\/\/fcdarchive.fr\/index.php?rest_route=\/wp\/v2\/pages\/41"}],"wp:attachment":[{"href":"https:\/\/fcdarchive.fr\/index.php?rest_route=%2Fwp%2Fv2%2Fmedia&parent=666"}],"curies":[{"name":"wp","href":"https:\/\/api.w.org\/{rel}","templated":true}]}}