{"id":559,"date":"2021-12-28T16:45:40","date_gmt":"2021-12-28T15:45:40","guid":{"rendered":"https:\/\/fcdarchive.fr\/?page_id=559"},"modified":"2022-01-03T19:04:14","modified_gmt":"2022-01-03T18:04:14","slug":"about-2","status":"publish","type":"page","link":"https:\/\/fcdarchive.fr\/?page_id=559","title":{"rendered":"About"},"content":{"rendered":"\n<p class=\"has-small-font-size\"><br>Le projet <em>FCDArchives<\/em> pose la question de l\u2019interconnexion entre les \u00e9cosyst\u00e8mes et les organisations sociales humaines \u00e0 travers un regard port\u00e9 sur la relation entre histoire de l\u2019art et histoire politique au XX<sup>e<\/sup> si\u00e8cle.<\/p>\n\n\n\n<p class=\"has-small-font-size\">Cette recherche prend la forme d\u2019un projet transversal, entre recherche curatoriale et recherche artistique \u00e0 partir d\u2019un essai r\u00e9dig\u00e9 en 2005 intitul\u00e9 <em>For a Common D\u00e9fense<\/em> dans lequel j\u2019interroge les&nbsp;relations de la politique \u00e9trang\u00e8re et de la politique culturelle des&nbsp;\u00c9tats-Unis dans leur strat\u00e9gie politique en direction de l\u2019Am\u00e9rique Latine depuis 1945. Sans avancer sur la piste de la collusion, volontaire ou non entre artistes et politiques, il s\u2019agit de voir comment, sur une p\u00e9riode identifi\u00e9e, des int\u00e9r\u00eats convergents ont conduit des individus, des soci\u00e9t\u00e9s, des organismes publics, des groupes d\u2019influence, \u00e0 favoriser l\u2019\u00e9mergence et la circulation d\u2019un discours, d\u2019une culture et d\u2019une id\u00e9ologie dominante de l\u2019<em>American way of life<\/em>. Comment les artistes et les images qu\u2019ils produisent ont pu servir, malgr\u00e9 eux, des int\u00e9r\u00eats et des consid\u00e9rations id\u00e9ologiques et \u00e9conomiques sous couvert de modernit\u00e9 et de promotion de la libert\u00e9 individuelle ?<\/p>\n\n\n\n<div class=\"wp-block-media-text alignwide is-stacked-on-mobile has-black-color has-text-color\"><figure class=\"wp-block-media-text__media\"><img loading=\"lazy\" width=\"600\" height=\"469\" src=\"https:\/\/fcdarchive.fr\/wp-content\/uploads\/2021\/05\/Steichen_archives.jpg\" alt=\"\" class=\"wp-image-253 size-full\" srcset=\"https:\/\/fcdarchive.fr\/wp-content\/uploads\/2021\/05\/Steichen_archives.jpg 600w, https:\/\/fcdarchive.fr\/wp-content\/uploads\/2021\/05\/Steichen_archives-300x235.jpg 300w\" sizes=\"(max-width: 600px) 100vw, 600px\" \/><\/figure><div class=\"wp-block-media-text__content\">\n<p class=\"has-small-font-size\">Ce projet prend principalement la forme d\u2019un site web d\u2019archives mais prend aussi la forme d\u2019installations, de dessins, de performances. Il pourra prendre d&rsquo;autres formes au gr\u00e8s des projets. En lien avec les autres projets artistiques que je r\u00e9alise, <em><em>FCDArchives<\/em><\/em> interroge donc, lui aussi, le statut de l\u2019image artistique dans son rapport \u00e0 l\u2019histoire, sa dimension id\u00e9ologique et sa capacit\u00e9 \u00e0 \u00eatre reproduite, \u00e0 v\u00e9hiculer des messages parfois contradictoires. La dimension archivistique (je ne produite que tr\u00e8s peu d\u2019image pour <em><em>FCDArchives<\/em><\/em> mais j\u2019archive des documents et des images qui pr\u00e9existent) est en quelque sorte la base d\u2019une pratique artistique de r\u00e9colement. Sorte d\u2019op\u00e9ration de contr\u00f4le de la pr\u00e9sence d\u2019un document, d\u2019une image, d\u2019un sens dans la m\u00e9moire collective.<br>Les projets que je r\u00e9alise mettent en \u00e9vidence la possibilit\u00e9 d\u2019un double rapport aux images et \u00e0 leur collecte. Des images homog\u00e8nes, r\u00e9unies selon une orientation de sens, qui s\u2019articulent dans un tout pour le projet <em>FCDArchives<\/em> ; des images plus h\u00e9t\u00e9rog\u00e8nes dans les s\u00e9ries de dessins ou les \u00e9ditions, pioch\u00e9es au hasard des glanes qui tiennent par les failles et les superpositions de lecture.<\/p>\n<\/div><\/div>\n\n\n\n<p class=\"has-small-font-size\">Ce sont deux fa\u00e7ons d\u2019aborder l\u2019archive, d\u2019interroger ce qui fait archive&nbsp;: je ne pars pas d\u2019une archive existante dans <em>FCDArchives<\/em>, mais je constitue une archive par la lecture que je propose. Par les choix op\u00e9r\u00e9s, il est question de parler d\u2019une histoire en en d\u00e9laissant une autre. Interroger ce qui fait archive c\u2019est aussi interroger la m\u00e9thode de la collecte (archive ou collection ou accumulation se confrontent). La collecte permet de saisir un ensemble d\u2019images parfois coh\u00e9rent dont je d\u00e9fini le p\u00e9rim\u00e8tre parfois sans pr\u00e9suppos\u00e9, de mani\u00e8re ouverte et sans hi\u00e9rarchie. Le mode op\u00e9ratoire d\u00e9fini alors lui-m\u00eame en partie les productions artistiques.<\/p>\n\n\n\n<p class=\"has-small-font-size\">Par les sujets trait\u00e9s et les techniques employ\u00e9es, il est aussi question de la visibilit\u00e9\/invisibilit\u00e9 du discours de l\u2019image comme c\u2019est le cas par exemple avec <em>El Discurso<\/em>, extension plastique de la recherche de <em>FCDArchives<\/em>. Je mets ainsi en \u00e9vidence les qualit\u00e9s de latence de l\u2019image ses propri\u00e9t\u00e9s dissimul\u00e9es, amen\u00e9es \u00e0 appara\u00eetre ult\u00e9rieurement dans un effet de retardement.<\/p>\n\n\n\n<p class=\"has-text-align-right has-small-font-size\">Benoit Villain &#8211; janvier 2022<\/p>\n\n\n\n<p><\/p>\n\n\n\n<p style=\"font-size:9px\">Photo : Edward Steichen Photography Study Center. The Museum of Modern Art, New York, 1967. Reports and Pamphlets, 1960s. The Museum of Modern Art Archives, New York.<\/p>\n","protected":false},"excerpt":{"rendered":"<p>Le projet FCDArchives pose la question de l\u2019interconnexion entre les \u00e9cosyst\u00e8mes et les organisations sociales humaines \u00e0 travers un regard port\u00e9 sur la relation entre histoire de l\u2019art et histoire politique au XXe si\u00e8cle. Cette recherche prend la forme d\u2019un projet transversal, entre recherche curatoriale et recherche artistique \u00e0 partir d\u2019un essai r\u00e9dig\u00e9 en 2005 [&hellip;]<\/p>\n","protected":false},"author":1,"featured_media":0,"parent":0,"menu_order":0,"comment_status":"closed","ping_status":"closed","template":"","meta":[],"_links":{"self":[{"href":"https:\/\/fcdarchive.fr\/index.php?rest_route=\/wp\/v2\/pages\/559"}],"collection":[{"href":"https:\/\/fcdarchive.fr\/index.php?rest_route=\/wp\/v2\/pages"}],"about":[{"href":"https:\/\/fcdarchive.fr\/index.php?rest_route=\/wp\/v2\/types\/page"}],"author":[{"embeddable":true,"href":"https:\/\/fcdarchive.fr\/index.php?rest_route=\/wp\/v2\/users\/1"}],"replies":[{"embeddable":true,"href":"https:\/\/fcdarchive.fr\/index.php?rest_route=%2Fwp%2Fv2%2Fcomments&post=559"}],"version-history":[{"count":4,"href":"https:\/\/fcdarchive.fr\/index.php?rest_route=\/wp\/v2\/pages\/559\/revisions"}],"predecessor-version":[{"id":568,"href":"https:\/\/fcdarchive.fr\/index.php?rest_route=\/wp\/v2\/pages\/559\/revisions\/568"}],"wp:attachment":[{"href":"https:\/\/fcdarchive.fr\/index.php?rest_route=%2Fwp%2Fv2%2Fmedia&parent=559"}],"curies":[{"name":"wp","href":"https:\/\/api.w.org\/{rel}","templated":true}]}}